{"id":595,"date":"2024-01-08T13:24:58","date_gmt":"2024-01-08T13:24:58","guid":{"rendered":"https:\/\/www.chavarriaoptics.com\/?page_id=595"},"modified":"2024-01-08T13:30:10","modified_gmt":"2024-01-08T13:30:10","slug":"audiologia-cat","status":"publish","type":"page","link":"https:\/\/www.chavarriaoptics.com\/ca\/audiologia-cat\/","title":{"rendered":"AUDIOLOGIA"},"content":{"rendered":"<div id=\"cs-content\" class=\"cs-content\"><\/div>\n","protected":false},"excerpt":{"rendered":"<p>AudiologiaL&#8217;audiologia \u00e9s la branca de la salut que s&#8217;encarrega d&#8217;estudiar l&#8217;audici\u00f3, l&#8217;equilibri i els trastorns associats a l&#8217;o\u00efda (com la hipoacusia). La p\u00e8rdua d&#8217;audici\u00f3 o hipoacusia es deu a disfuncions en una o m\u00e9s parts de l&#8217;o\u00efda i \u00e9s m\u00e9s comuna en persones majors, tot i que pot ocorrer a qualsevol edat i per diferents raons. En qualsevol cas de &#8230; <\/p>\n<div><a href=\"https:\/\/www.chavarriaoptics.com\/ca\/audiologia-cat\/\" class=\"more-link\">Read More<\/a><\/div>\n","protected":false},"author":2,"featured_media":0,"parent":0,"menu_order":0,"comment_status":"closed","ping_status":"closed","template":"template-blank-4.php","meta":{"footnotes":""},"class_list":["post-595","page","type-page","status-publish","hentry","no-post-thumbnail"],"yoast_head":"<!-- This site is optimized with the Yoast SEO plugin v27.5 - https:\/\/yoast.com\/product\/yoast-seo-wordpress\/ -->\n<title>AUDIOLOGIA - chavarriaoptics.com<\/title>\n<meta name=\"robots\" content=\"index, follow, max-snippet:-1, max-image-preview:large, max-video-preview:-1\" \/>\n<link rel=\"canonical\" href=\"https:\/\/www.chavarriaoptics.com\/ca\/audiologia-cat\/\" \/>\n<meta property=\"og:locale\" content=\"ca_ES\" \/>\n<meta property=\"og:type\" content=\"article\" \/>\n<meta property=\"og:title\" content=\"AUDIOLOGIA - chavarriaoptics.com\" \/>\n<meta property=\"og:description\" content=\"AudiologiaL&#039;audiologia \u00e9s la branca de la salut que s&#039;encarrega d&#039;estudiar l&#039;audici\u00f3, l&#039;equilibri i els trastorns associats a l&#039;o\u00efda (com la hipoacusia). La p\u00e8rdua d&#039;audici\u00f3 o hipoacusia es deu a disfuncions en una o m\u00e9s parts de l&#039;o\u00efda i \u00e9s m\u00e9s comuna en persones majors, tot i que pot ocorrer a qualsevol edat i per diferents raons. En qualsevol cas de ... Read More\" \/>\n<meta property=\"og:url\" content=\"https:\/\/www.chavarriaoptics.com\/ca\/audiologia-cat\/\" \/>\n<meta property=\"og:site_name\" content=\"chavarriaoptics.com\" \/>\n<meta property=\"article:modified_time\" content=\"2024-01-08T13:30:10+00:00\" \/>\n<meta property=\"og:image\" content=\"https:\/\/www.chavarriaoptics.com\/wp-content\/uploads\/2023\/12\/chavarria-logo-1.png\" \/>\n\t<meta property=\"og:image:width\" content=\"1202\" \/>\n\t<meta property=\"og:image:height\" content=\"676\" \/>\n\t<meta property=\"og:image:type\" content=\"image\/png\" \/>\n<meta name=\"twitter:card\" content=\"summary_large_image\" \/>\n<script type=\"application\/ld+json\" class=\"yoast-schema-graph\">{\"@context\":\"https:\\\/\\\/schema.org\",\"@graph\":[{\"@type\":\"WebPage\",\"@id\":\"https:\\\/\\\/www.chavarriaoptics.com\\\/ca\\\/audiologia-cat\\\/\",\"url\":\"https:\\\/\\\/www.chavarriaoptics.com\\\/ca\\\/audiologia-cat\\\/\",\"name\":\"AUDIOLOGIA - chavarriaoptics.com\",\"isPartOf\":{\"@id\":\"https:\\\/\\\/www.chavarriaoptics.com\\\/ca\\\/#website\"},\"datePublished\":\"2024-01-08T13:24:58+00:00\",\"dateModified\":\"2024-01-08T13:30:10+00:00\",\"breadcrumb\":{\"@id\":\"https:\\\/\\\/www.chavarriaoptics.com\\\/ca\\\/audiologia-cat\\\/#breadcrumb\"},\"inLanguage\":\"ca\",\"potentialAction\":[{\"@type\":\"ReadAction\",\"target\":[\"https:\\\/\\\/www.chavarriaoptics.com\\\/ca\\\/audiologia-cat\\\/\"]}]},{\"@type\":\"BreadcrumbList\",\"@id\":\"https:\\\/\\\/www.chavarriaoptics.com\\\/ca\\\/audiologia-cat\\\/#breadcrumb\",\"itemListElement\":[{\"@type\":\"ListItem\",\"position\":1,\"name\":\"Portada\",\"item\":\"https:\\\/\\\/www.chavarriaoptics.com\\\/ca\\\/\"},{\"@type\":\"ListItem\",\"position\":2,\"name\":\"AUDIOLOGIA\"}]},{\"@type\":\"WebSite\",\"@id\":\"https:\\\/\\\/www.chavarriaoptics.com\\\/ca\\\/#website\",\"url\":\"https:\\\/\\\/www.chavarriaoptics.com\\\/ca\\\/\",\"name\":\"chavarriaoptics.com\",\"description\":\"optometr\u00eda y audiolog\u00eda\",\"potentialAction\":[{\"@type\":\"SearchAction\",\"target\":{\"@type\":\"EntryPoint\",\"urlTemplate\":\"https:\\\/\\\/www.chavarriaoptics.com\\\/ca\\\/?s={search_term_string}\"},\"query-input\":{\"@type\":\"PropertyValueSpecification\",\"valueRequired\":true,\"valueName\":\"search_term_string\"}}],\"inLanguage\":\"ca\"}]}<\/script>\n<!-- \/ Yoast SEO plugin. -->","yoast_head_json":{"title":"AUDIOLOGIA - chavarriaoptics.com","robots":{"index":"index","follow":"follow","max-snippet":"max-snippet:-1","max-image-preview":"max-image-preview:large","max-video-preview":"max-video-preview:-1"},"canonical":"https:\/\/www.chavarriaoptics.com\/ca\/audiologia-cat\/","og_locale":"ca_ES","og_type":"article","og_title":"AUDIOLOGIA - chavarriaoptics.com","og_description":"AudiologiaL'audiologia \u00e9s la branca de la salut que s'encarrega d'estudiar l'audici\u00f3, l'equilibri i els trastorns associats a l'o\u00efda (com la hipoacusia). La p\u00e8rdua d'audici\u00f3 o hipoacusia es deu a disfuncions en una o m\u00e9s parts de l'o\u00efda i \u00e9s m\u00e9s comuna en persones majors, tot i que pot ocorrer a qualsevol edat i per diferents raons. En qualsevol cas de ... Read More","og_url":"https:\/\/www.chavarriaoptics.com\/ca\/audiologia-cat\/","og_site_name":"chavarriaoptics.com","article_modified_time":"2024-01-08T13:30:10+00:00","og_image":[{"width":1202,"height":676,"url":"https:\/\/www.chavarriaoptics.com\/wp-content\/uploads\/2023\/12\/chavarria-logo-1.png","type":"image\/png"}],"twitter_card":"summary_large_image","schema":{"@context":"https:\/\/schema.org","@graph":[{"@type":"WebPage","@id":"https:\/\/www.chavarriaoptics.com\/ca\/audiologia-cat\/","url":"https:\/\/www.chavarriaoptics.com\/ca\/audiologia-cat\/","name":"AUDIOLOGIA - chavarriaoptics.com","isPartOf":{"@id":"https:\/\/www.chavarriaoptics.com\/ca\/#website"},"datePublished":"2024-01-08T13:24:58+00:00","dateModified":"2024-01-08T13:30:10+00:00","breadcrumb":{"@id":"https:\/\/www.chavarriaoptics.com\/ca\/audiologia-cat\/#breadcrumb"},"inLanguage":"ca","potentialAction":[{"@type":"ReadAction","target":["https:\/\/www.chavarriaoptics.com\/ca\/audiologia-cat\/"]}]},{"@type":"BreadcrumbList","@id":"https:\/\/www.chavarriaoptics.com\/ca\/audiologia-cat\/#breadcrumb","itemListElement":[{"@type":"ListItem","position":1,"name":"Portada","item":"https:\/\/www.chavarriaoptics.com\/ca\/"},{"@type":"ListItem","position":2,"name":"AUDIOLOGIA"}]},{"@type":"WebSite","@id":"https:\/\/www.chavarriaoptics.com\/ca\/#website","url":"https:\/\/www.chavarriaoptics.com\/ca\/","name":"chavarriaoptics.com","description":"optometr\u00eda y audiolog\u00eda","potentialAction":[{"@type":"SearchAction","target":{"@type":"EntryPoint","urlTemplate":"https:\/\/www.chavarriaoptics.com\/ca\/?s={search_term_string}"},"query-input":{"@type":"PropertyValueSpecification","valueRequired":true,"valueName":"search_term_string"}}],"inLanguage":"ca"}]}},"_links":{"self":[{"href":"https:\/\/www.chavarriaoptics.com\/ca\/wp-json\/wp\/v2\/pages\/595","targetHints":{"allow":["GET"]}}],"collection":[{"href":"https:\/\/www.chavarriaoptics.com\/ca\/wp-json\/wp\/v2\/pages"}],"about":[{"href":"https:\/\/www.chavarriaoptics.com\/ca\/wp-json\/wp\/v2\/types\/page"}],"author":[{"embeddable":true,"href":"https:\/\/www.chavarriaoptics.com\/ca\/wp-json\/wp\/v2\/users\/2"}],"replies":[{"embeddable":true,"href":"https:\/\/www.chavarriaoptics.com\/ca\/wp-json\/wp\/v2\/comments?post=595"}],"version-history":[{"count":3,"href":"https:\/\/www.chavarriaoptics.com\/ca\/wp-json\/wp\/v2\/pages\/595\/revisions"}],"predecessor-version":[{"id":598,"href":"https:\/\/www.chavarriaoptics.com\/ca\/wp-json\/wp\/v2\/pages\/595\/revisions\/598"}],"wp:attachment":[{"href":"https:\/\/www.chavarriaoptics.com\/ca\/wp-json\/wp\/v2\/media?parent=595"}],"curies":[{"name":"wp","href":"https:\/\/api.w.org\/{rel}","templated":true}]}}