{"id":602,"date":"2023-10-19T09:51:04","date_gmt":"2023-10-19T09:51:04","guid":{"rendered":"https:\/\/www.chavarriaoptics.com\/?page_id=602"},"modified":"2024-01-09T09:06:32","modified_gmt":"2024-01-09T09:06:32","slug":"inici-cat","status":"publish","type":"page","link":"https:\/\/www.chavarriaoptics.com\/ca\/","title":{"rendered":"INICI"},"content":{"rendered":"<div id=\"cs-content\" class=\"cs-content\"><\/div>\n","protected":false},"excerpt":{"rendered":"<p>Ens ocupem de la salut visual i auditiva de tota la fam\u00edlia. Som experts en visi\u00f3 pedi\u00e0trica y ter\u00e0pia visual.DEMANA CITAAl nostre gabinet, disposem de la tecnologia m\u00e9s avan\u00e7ada en equips per obtenir diagn\u00f2stics precisos i realitzar adaptacions de lents de contacte. A m\u00e9s, hem introdu\u00eft un nou servei a la nostra \u00f2ptica: l&#8217;Audiologia.OPTOMETRIAAUDIOLOGIADEMANA CITAActiveu el JavaScript al navegador per &#8230; <\/p>\n<div><a href=\"https:\/\/www.chavarriaoptics.com\/ca\/\" class=\"more-link\">Read More<\/a><\/div>\n","protected":false},"author":2,"featured_media":0,"parent":0,"menu_order":0,"comment_status":"closed","ping_status":"closed","template":"template-blank-4.php","meta":{"footnotes":""},"class_list":["post-602","page","type-page","status-publish","hentry","no-post-thumbnail"],"yoast_head":"<!-- This site is optimized with the Yoast SEO plugin v27.5 - https:\/\/yoast.com\/product\/yoast-seo-wordpress\/ -->\n<title>INICI - chavarriaoptics.com<\/title>\n<meta name=\"robots\" content=\"index, follow, max-snippet:-1, max-image-preview:large, max-video-preview:-1\" \/>\n<link rel=\"canonical\" href=\"https:\/\/www.chavarriaoptics.com\/ca\/\" \/>\n<meta property=\"og:locale\" content=\"ca_ES\" \/>\n<meta property=\"og:type\" content=\"article\" \/>\n<meta property=\"og:title\" content=\"INICI - chavarriaoptics.com\" \/>\n<meta property=\"og:description\" content=\"Ens ocupem de la salut visual i auditiva de tota la fam\u00edlia. Som experts en visi\u00f3 pedi\u00e0trica y ter\u00e0pia visual.DEMANA CITAAl nostre gabinet, disposem de la tecnologia m\u00e9s avan\u00e7ada en equips per obtenir diagn\u00f2stics precisos i realitzar adaptacions de lents de contacte. A m\u00e9s, hem introdu\u00eft un nou servei a la nostra \u00f2ptica: l&#039;Audiologia.OPTOMETRIAAUDIOLOGIADEMANA CITAActiveu el JavaScript al navegador per ... Read More\" \/>\n<meta property=\"og:url\" content=\"https:\/\/www.chavarriaoptics.com\/ca\/\" \/>\n<meta property=\"og:site_name\" content=\"chavarriaoptics.com\" \/>\n<meta property=\"article:modified_time\" content=\"2024-01-09T09:06:32+00:00\" \/>\n<meta property=\"og:image\" content=\"https:\/\/www.chavarriaoptics.com\/wp-content\/uploads\/2023\/12\/chavarria-logo-1.png\" \/>\n\t<meta property=\"og:image:width\" content=\"1202\" \/>\n\t<meta property=\"og:image:height\" content=\"676\" \/>\n\t<meta property=\"og:image:type\" content=\"image\/png\" \/>\n<meta name=\"twitter:card\" content=\"summary_large_image\" \/>\n<meta name=\"twitter:label1\" content=\"Temps estimat de lectura\" \/>\n\t<meta name=\"twitter:data1\" content=\"1 minut\" \/>\n<script type=\"application\/ld+json\" class=\"yoast-schema-graph\">{\"@context\":\"https:\\\/\\\/schema.org\",\"@graph\":[{\"@type\":\"WebPage\",\"@id\":\"https:\\\/\\\/www.chavarriaoptics.com\\\/ca\\\/\",\"url\":\"https:\\\/\\\/www.chavarriaoptics.com\\\/ca\\\/\",\"name\":\"INICI - chavarriaoptics.com\",\"isPartOf\":{\"@id\":\"https:\\\/\\\/www.chavarriaoptics.com\\\/ca\\\/#website\"},\"datePublished\":\"2023-10-19T09:51:04+00:00\",\"dateModified\":\"2024-01-09T09:06:32+00:00\",\"breadcrumb\":{\"@id\":\"https:\\\/\\\/www.chavarriaoptics.com\\\/ca\\\/#breadcrumb\"},\"inLanguage\":\"ca\",\"potentialAction\":[{\"@type\":\"ReadAction\",\"target\":[\"https:\\\/\\\/www.chavarriaoptics.com\\\/ca\\\/\"]}]},{\"@type\":\"BreadcrumbList\",\"@id\":\"https:\\\/\\\/www.chavarriaoptics.com\\\/ca\\\/#breadcrumb\",\"itemListElement\":[{\"@type\":\"ListItem\",\"position\":1,\"name\":\"Portada\",\"item\":\"https:\\\/\\\/www.chavarriaoptics.com\\\/ca\\\/\"},{\"@type\":\"ListItem\",\"position\":2,\"name\":\"INICI\"}]},{\"@type\":\"WebSite\",\"@id\":\"https:\\\/\\\/www.chavarriaoptics.com\\\/ca\\\/#website\",\"url\":\"https:\\\/\\\/www.chavarriaoptics.com\\\/ca\\\/\",\"name\":\"chavarriaoptics.com\",\"description\":\"optometr\u00eda y audiolog\u00eda\",\"potentialAction\":[{\"@type\":\"SearchAction\",\"target\":{\"@type\":\"EntryPoint\",\"urlTemplate\":\"https:\\\/\\\/www.chavarriaoptics.com\\\/ca\\\/?s={search_term_string}\"},\"query-input\":{\"@type\":\"PropertyValueSpecification\",\"valueRequired\":true,\"valueName\":\"search_term_string\"}}],\"inLanguage\":\"ca\"}]}<\/script>\n<!-- \/ Yoast SEO plugin. -->","yoast_head_json":{"title":"INICI - chavarriaoptics.com","robots":{"index":"index","follow":"follow","max-snippet":"max-snippet:-1","max-image-preview":"max-image-preview:large","max-video-preview":"max-video-preview:-1"},"canonical":"https:\/\/www.chavarriaoptics.com\/ca\/","og_locale":"ca_ES","og_type":"article","og_title":"INICI - chavarriaoptics.com","og_description":"Ens ocupem de la salut visual i auditiva de tota la fam\u00edlia. Som experts en visi\u00f3 pedi\u00e0trica y ter\u00e0pia visual.DEMANA CITAAl nostre gabinet, disposem de la tecnologia m\u00e9s avan\u00e7ada en equips per obtenir diagn\u00f2stics precisos i realitzar adaptacions de lents de contacte. A m\u00e9s, hem introdu\u00eft un nou servei a la nostra \u00f2ptica: l'Audiologia.OPTOMETRIAAUDIOLOGIADEMANA CITAActiveu el JavaScript al navegador per ... Read More","og_url":"https:\/\/www.chavarriaoptics.com\/ca\/","og_site_name":"chavarriaoptics.com","article_modified_time":"2024-01-09T09:06:32+00:00","og_image":[{"width":1202,"height":676,"url":"https:\/\/www.chavarriaoptics.com\/wp-content\/uploads\/2023\/12\/chavarria-logo-1.png","type":"image\/png"}],"twitter_card":"summary_large_image","twitter_misc":{"Temps estimat de lectura":"1 minut"},"schema":{"@context":"https:\/\/schema.org","@graph":[{"@type":"WebPage","@id":"https:\/\/www.chavarriaoptics.com\/ca\/","url":"https:\/\/www.chavarriaoptics.com\/ca\/","name":"INICI - chavarriaoptics.com","isPartOf":{"@id":"https:\/\/www.chavarriaoptics.com\/ca\/#website"},"datePublished":"2023-10-19T09:51:04+00:00","dateModified":"2024-01-09T09:06:32+00:00","breadcrumb":{"@id":"https:\/\/www.chavarriaoptics.com\/ca\/#breadcrumb"},"inLanguage":"ca","potentialAction":[{"@type":"ReadAction","target":["https:\/\/www.chavarriaoptics.com\/ca\/"]}]},{"@type":"BreadcrumbList","@id":"https:\/\/www.chavarriaoptics.com\/ca\/#breadcrumb","itemListElement":[{"@type":"ListItem","position":1,"name":"Portada","item":"https:\/\/www.chavarriaoptics.com\/ca\/"},{"@type":"ListItem","position":2,"name":"INICI"}]},{"@type":"WebSite","@id":"https:\/\/www.chavarriaoptics.com\/ca\/#website","url":"https:\/\/www.chavarriaoptics.com\/ca\/","name":"chavarriaoptics.com","description":"optometr\u00eda y audiolog\u00eda","potentialAction":[{"@type":"SearchAction","target":{"@type":"EntryPoint","urlTemplate":"https:\/\/www.chavarriaoptics.com\/ca\/?s={search_term_string}"},"query-input":{"@type":"PropertyValueSpecification","valueRequired":true,"valueName":"search_term_string"}}],"inLanguage":"ca"}]}},"_links":{"self":[{"href":"https:\/\/www.chavarriaoptics.com\/ca\/wp-json\/wp\/v2\/pages\/602","targetHints":{"allow":["GET"]}}],"collection":[{"href":"https:\/\/www.chavarriaoptics.com\/ca\/wp-json\/wp\/v2\/pages"}],"about":[{"href":"https:\/\/www.chavarriaoptics.com\/ca\/wp-json\/wp\/v2\/types\/page"}],"author":[{"embeddable":true,"href":"https:\/\/www.chavarriaoptics.com\/ca\/wp-json\/wp\/v2\/users\/2"}],"replies":[{"embeddable":true,"href":"https:\/\/www.chavarriaoptics.com\/ca\/wp-json\/wp\/v2\/comments?post=602"}],"version-history":[{"count":2,"href":"https:\/\/www.chavarriaoptics.com\/ca\/wp-json\/wp\/v2\/pages\/602\/revisions"}],"predecessor-version":[{"id":613,"href":"https:\/\/www.chavarriaoptics.com\/ca\/wp-json\/wp\/v2\/pages\/602\/revisions\/613"}],"wp:attachment":[{"href":"https:\/\/www.chavarriaoptics.com\/ca\/wp-json\/wp\/v2\/media?parent=602"}],"curies":[{"name":"wp","href":"https:\/\/api.w.org\/{rel}","templated":true}]}}