{"id":604,"date":"2023-10-19T09:51:49","date_gmt":"2023-10-19T09:51:49","guid":{"rendered":"https:\/\/www.chavarriaoptics.com\/?page_id=604"},"modified":"2024-01-09T09:18:59","modified_gmt":"2024-01-09T09:18:59","slug":"optometria-cat","status":"publish","type":"page","link":"https:\/\/www.chavarriaoptics.com\/ca\/optometria-cat\/","title":{"rendered":"OPTOMETRIA"},"content":{"rendered":"<div id=\"cs-content\" class=\"cs-content\"><\/div>\n","protected":false},"excerpt":{"rendered":"<p>OPTOMETRIAEXAMEN D&#8217;EFIC\u00c0CIA VISUALPROBLEMES D&#8217;APRENENTATGEOPTOMETRIA PEDI\u00c0TRICAOPTOMETRIA GERI\u00c0TRICATER\u00c0PIA VISUALCONTACTOLOGIABAIXA VISI\u00d3Examen d&#8217; efic&agrave;cia visualEn un examen d&#8217;efic\u00e0cia visual avaluem l&#8217;estat del nostre sistema visual. La visi\u00f3 que tenim, la graduaci\u00f3, enfocament, converg\u00e8ncia\/diverg\u00e8ncia, els moviments oculars i la visi\u00f3 en tres dimensions. Amb aquest tipus d&#8217;examen podem detectar si es presenta un estrabisme o ambliopia (ull gandul), problemes d&#8217;enfocament o visi\u00f3 doble. S\u00edmptomes com &#8230; <\/p>\n<div><a href=\"https:\/\/www.chavarriaoptics.com\/ca\/optometria-cat\/\" class=\"more-link\">Read More<\/a><\/div>\n","protected":false},"author":2,"featured_media":0,"parent":0,"menu_order":0,"comment_status":"closed","ping_status":"closed","template":"template-blank-4.php","meta":{"footnotes":""},"class_list":["post-604","page","type-page","status-publish","hentry","no-post-thumbnail"],"yoast_head":"<!-- This site is optimized with the Yoast SEO plugin v27.5 - https:\/\/yoast.com\/product\/yoast-seo-wordpress\/ -->\n<title>OPTOMETRIA - chavarriaoptics.com<\/title>\n<meta name=\"robots\" content=\"index, follow, max-snippet:-1, max-image-preview:large, max-video-preview:-1\" \/>\n<link rel=\"canonical\" href=\"https:\/\/www.chavarriaoptics.com\/ca\/optometria-cat\/\" \/>\n<meta property=\"og:locale\" content=\"ca_ES\" \/>\n<meta property=\"og:type\" content=\"article\" \/>\n<meta property=\"og:title\" content=\"OPTOMETRIA - chavarriaoptics.com\" \/>\n<meta property=\"og:description\" content=\"OPTOMETRIAEXAMEN D&#039;EFIC\u00c0CIA VISUALPROBLEMES D&#039;APRENENTATGEOPTOMETRIA PEDI\u00c0TRICAOPTOMETRIA GERI\u00c0TRICATER\u00c0PIA VISUALCONTACTOLOGIABAIXA VISI\u00d3Examen d&#039; efic&agrave;cia visualEn un examen d&#039;efic\u00e0cia visual avaluem l&#039;estat del nostre sistema visual. La visi\u00f3 que tenim, la graduaci\u00f3, enfocament, converg\u00e8ncia\/diverg\u00e8ncia, els moviments oculars i la visi\u00f3 en tres dimensions. Amb aquest tipus d&#039;examen podem detectar si es presenta un estrabisme o ambliopia (ull gandul), problemes d&#039;enfocament o visi\u00f3 doble. S\u00edmptomes com ... Read More\" \/>\n<meta property=\"og:url\" content=\"https:\/\/www.chavarriaoptics.com\/ca\/optometria-cat\/\" \/>\n<meta property=\"og:site_name\" content=\"chavarriaoptics.com\" \/>\n<meta property=\"article:modified_time\" content=\"2024-01-09T09:18:59+00:00\" \/>\n<meta property=\"og:image\" content=\"https:\/\/www.chavarriaoptics.com\/wp-content\/uploads\/2023\/12\/chavarria-logo-1.png\" \/>\n\t<meta property=\"og:image:width\" content=\"1202\" \/>\n\t<meta property=\"og:image:height\" content=\"676\" \/>\n\t<meta property=\"og:image:type\" content=\"image\/png\" \/>\n<meta name=\"twitter:card\" content=\"summary_large_image\" \/>\n<script type=\"application\/ld+json\" class=\"yoast-schema-graph\">{\"@context\":\"https:\\\/\\\/schema.org\",\"@graph\":[{\"@type\":\"WebPage\",\"@id\":\"https:\\\/\\\/www.chavarriaoptics.com\\\/ca\\\/optometria-cat\\\/\",\"url\":\"https:\\\/\\\/www.chavarriaoptics.com\\\/ca\\\/optometria-cat\\\/\",\"name\":\"OPTOMETRIA - chavarriaoptics.com\",\"isPartOf\":{\"@id\":\"https:\\\/\\\/www.chavarriaoptics.com\\\/ca\\\/#website\"},\"datePublished\":\"2023-10-19T09:51:49+00:00\",\"dateModified\":\"2024-01-09T09:18:59+00:00\",\"breadcrumb\":{\"@id\":\"https:\\\/\\\/www.chavarriaoptics.com\\\/ca\\\/optometria-cat\\\/#breadcrumb\"},\"inLanguage\":\"ca\",\"potentialAction\":[{\"@type\":\"ReadAction\",\"target\":[\"https:\\\/\\\/www.chavarriaoptics.com\\\/ca\\\/optometria-cat\\\/\"]}]},{\"@type\":\"BreadcrumbList\",\"@id\":\"https:\\\/\\\/www.chavarriaoptics.com\\\/ca\\\/optometria-cat\\\/#breadcrumb\",\"itemListElement\":[{\"@type\":\"ListItem\",\"position\":1,\"name\":\"Portada\",\"item\":\"https:\\\/\\\/www.chavarriaoptics.com\\\/ca\\\/\"},{\"@type\":\"ListItem\",\"position\":2,\"name\":\"OPTOMETRIA\"}]},{\"@type\":\"WebSite\",\"@id\":\"https:\\\/\\\/www.chavarriaoptics.com\\\/ca\\\/#website\",\"url\":\"https:\\\/\\\/www.chavarriaoptics.com\\\/ca\\\/\",\"name\":\"chavarriaoptics.com\",\"description\":\"optometr\u00eda y audiolog\u00eda\",\"potentialAction\":[{\"@type\":\"SearchAction\",\"target\":{\"@type\":\"EntryPoint\",\"urlTemplate\":\"https:\\\/\\\/www.chavarriaoptics.com\\\/ca\\\/?s={search_term_string}\"},\"query-input\":{\"@type\":\"PropertyValueSpecification\",\"valueRequired\":true,\"valueName\":\"search_term_string\"}}],\"inLanguage\":\"ca\"}]}<\/script>\n<!-- \/ Yoast SEO plugin. -->","yoast_head_json":{"title":"OPTOMETRIA - chavarriaoptics.com","robots":{"index":"index","follow":"follow","max-snippet":"max-snippet:-1","max-image-preview":"max-image-preview:large","max-video-preview":"max-video-preview:-1"},"canonical":"https:\/\/www.chavarriaoptics.com\/ca\/optometria-cat\/","og_locale":"ca_ES","og_type":"article","og_title":"OPTOMETRIA - chavarriaoptics.com","og_description":"OPTOMETRIAEXAMEN D'EFIC\u00c0CIA VISUALPROBLEMES D'APRENENTATGEOPTOMETRIA PEDI\u00c0TRICAOPTOMETRIA GERI\u00c0TRICATER\u00c0PIA VISUALCONTACTOLOGIABAIXA VISI\u00d3Examen d' efic&agrave;cia visualEn un examen d'efic\u00e0cia visual avaluem l'estat del nostre sistema visual. La visi\u00f3 que tenim, la graduaci\u00f3, enfocament, converg\u00e8ncia\/diverg\u00e8ncia, els moviments oculars i la visi\u00f3 en tres dimensions. Amb aquest tipus d'examen podem detectar si es presenta un estrabisme o ambliopia (ull gandul), problemes d'enfocament o visi\u00f3 doble. S\u00edmptomes com ... Read More","og_url":"https:\/\/www.chavarriaoptics.com\/ca\/optometria-cat\/","og_site_name":"chavarriaoptics.com","article_modified_time":"2024-01-09T09:18:59+00:00","og_image":[{"width":1202,"height":676,"url":"https:\/\/www.chavarriaoptics.com\/wp-content\/uploads\/2023\/12\/chavarria-logo-1.png","type":"image\/png"}],"twitter_card":"summary_large_image","schema":{"@context":"https:\/\/schema.org","@graph":[{"@type":"WebPage","@id":"https:\/\/www.chavarriaoptics.com\/ca\/optometria-cat\/","url":"https:\/\/www.chavarriaoptics.com\/ca\/optometria-cat\/","name":"OPTOMETRIA - chavarriaoptics.com","isPartOf":{"@id":"https:\/\/www.chavarriaoptics.com\/ca\/#website"},"datePublished":"2023-10-19T09:51:49+00:00","dateModified":"2024-01-09T09:18:59+00:00","breadcrumb":{"@id":"https:\/\/www.chavarriaoptics.com\/ca\/optometria-cat\/#breadcrumb"},"inLanguage":"ca","potentialAction":[{"@type":"ReadAction","target":["https:\/\/www.chavarriaoptics.com\/ca\/optometria-cat\/"]}]},{"@type":"BreadcrumbList","@id":"https:\/\/www.chavarriaoptics.com\/ca\/optometria-cat\/#breadcrumb","itemListElement":[{"@type":"ListItem","position":1,"name":"Portada","item":"https:\/\/www.chavarriaoptics.com\/ca\/"},{"@type":"ListItem","position":2,"name":"OPTOMETRIA"}]},{"@type":"WebSite","@id":"https:\/\/www.chavarriaoptics.com\/ca\/#website","url":"https:\/\/www.chavarriaoptics.com\/ca\/","name":"chavarriaoptics.com","description":"optometr\u00eda y audiolog\u00eda","potentialAction":[{"@type":"SearchAction","target":{"@type":"EntryPoint","urlTemplate":"https:\/\/www.chavarriaoptics.com\/ca\/?s={search_term_string}"},"query-input":{"@type":"PropertyValueSpecification","valueRequired":true,"valueName":"search_term_string"}}],"inLanguage":"ca"}]}},"_links":{"self":[{"href":"https:\/\/www.chavarriaoptics.com\/ca\/wp-json\/wp\/v2\/pages\/604","targetHints":{"allow":["GET"]}}],"collection":[{"href":"https:\/\/www.chavarriaoptics.com\/ca\/wp-json\/wp\/v2\/pages"}],"about":[{"href":"https:\/\/www.chavarriaoptics.com\/ca\/wp-json\/wp\/v2\/types\/page"}],"author":[{"embeddable":true,"href":"https:\/\/www.chavarriaoptics.com\/ca\/wp-json\/wp\/v2\/users\/2"}],"replies":[{"embeddable":true,"href":"https:\/\/www.chavarriaoptics.com\/ca\/wp-json\/wp\/v2\/comments?post=604"}],"version-history":[{"count":3,"href":"https:\/\/www.chavarriaoptics.com\/ca\/wp-json\/wp\/v2\/pages\/604\/revisions"}],"predecessor-version":[{"id":626,"href":"https:\/\/www.chavarriaoptics.com\/ca\/wp-json\/wp\/v2\/pages\/604\/revisions\/626"}],"wp:attachment":[{"href":"https:\/\/www.chavarriaoptics.com\/ca\/wp-json\/wp\/v2\/media?parent=604"}],"curies":[{"name":"wp","href":"https:\/\/api.w.org\/{rel}","templated":true}]}}